{"id":57,"date":"2023-11-22T11:25:54","date_gmt":"2023-11-22T11:25:54","guid":{"rendered":"https:\/\/im-einklang-erding.de\/?page_id=57"},"modified":"2025-02-16T14:09:14","modified_gmt":"2025-02-16T14:09:14","slug":"sample-page-2","status":"publish","type":"page","link":"https:\/\/im-einklang-erding.de\/?page_id=57","title":{"rendered":"Alles rund ums Baby"},"content":{"rendered":"\t\t<div data-elementor-type=\"wp-page\" data-elementor-id=\"57\" class=\"elementor elementor-57\">\n\t\t\t\t<div class=\"elementor-element elementor-element-245d55c e-flex e-con-boxed e-con e-parent\" data-id=\"245d55c\" data-element_type=\"container\" data-e-type=\"container\">\n\t\t\t\t\t<div class=\"e-con-inner\">\n\t\t\t\t<div class=\"elementor-element elementor-element-e5c1873 elementor-widget elementor-widget-heading\" data-id=\"e5c1873\" data-element_type=\"widget\" data-e-type=\"widget\" data-widget_type=\"heading.default\">\n\t\t\t\t<div class=\"elementor-widget-container\">\n\t\t\t\t\t<h2 class=\"elementor-heading-title elementor-size-default\">Alltag, Bed\u00fcrfnisse und Rituale im Einklang<\/h2>\t\t\t\t<\/div>\n\t\t\t\t<\/div>\n\t\t\t\t<div class=\"elementor-element elementor-element-89f8f20 elementor-widget elementor-widget-image\" data-id=\"89f8f20\" data-element_type=\"widget\" data-e-type=\"widget\" data-widget_type=\"image.default\">\n\t\t\t\t<div class=\"elementor-widget-container\">\n\t\t\t\t\t\t\t\t\t\t\t\t\t\t\t<img fetchpriority=\"high\" decoding=\"async\" width=\"300\" height=\"201\" src=\"https:\/\/im-einklang-erding.de\/wp-content\/uploads\/2023\/11\/feet-718146_640-300x201.jpg\" class=\"attachment-medium size-medium wp-image-567\" alt=\"\" srcset=\"https:\/\/im-einklang-erding.de\/wp-content\/uploads\/2023\/11\/feet-718146_640-300x201.jpg 300w, https:\/\/im-einklang-erding.de\/wp-content\/uploads\/2023\/11\/feet-718146_640.jpg 640w\" sizes=\"(max-width: 300px) 100vw, 300px\" \/>\t\t\t\t\t\t\t\t\t\t\t\t\t\t\t<\/div>\n\t\t\t\t<\/div>\n\t\t\t\t<div class=\"elementor-element elementor-element-eaf2c29 elementor-align-left elementor-widget elementor-widget-button\" data-id=\"eaf2c29\" data-element_type=\"widget\" data-e-type=\"widget\" data-widget_type=\"button.default\">\n\t\t\t\t<div class=\"elementor-widget-container\">\n\t\t\t\t\t\t\t\t\t<div class=\"elementor-button-wrapper\">\n\t\t\t\t\t<a class=\"elementor-button elementor-button-link elementor-size-lg\" href=\"https:\/\/im-einklang-erding.de\/?page_id=214\">\n\t\t\t\t\t\t<span class=\"elementor-button-content-wrapper\">\n\t\t\t\t\t\t\t\t\t<span class=\"elementor-button-text\">Beratung und Begleitung vor und nach der Geburt - f\u00fcr mehr Infos hier klicken<\/span>\n\t\t\t\t\t<\/span>\n\t\t\t\t\t<\/a>\n\t\t\t\t<\/div>\n\t\t\t\t\t\t\t\t<\/div>\n\t\t\t\t<\/div>\n\t\t\t\t\t<\/div>\n\t\t\t\t<\/div>\n\t\t<div class=\"elementor-element elementor-element-cea5863 e-flex e-con-boxed e-con e-parent\" data-id=\"cea5863\" data-element_type=\"container\" data-e-type=\"container\">\n\t\t\t\t\t<div class=\"e-con-inner\">\n\t\t<div class=\"elementor-element elementor-element-0004300 e-con-full e-flex e-con e-child\" data-id=\"0004300\" data-element_type=\"container\" data-e-type=\"container\">\n\t\t\t\t<div class=\"elementor-element elementor-element-0a2ca57 elementor-widget elementor-widget-image\" data-id=\"0a2ca57\" data-element_type=\"widget\" data-e-type=\"widget\" data-widget_type=\"image.default\">\n\t\t\t\t<div class=\"elementor-widget-container\">\n\t\t\t\t\t\t\t\t\t\t\t\t\t\t\t<img decoding=\"async\" width=\"300\" height=\"225\" src=\"https:\/\/im-einklang-erding.de\/wp-content\/uploads\/2023\/11\/cuddly-toys-7596017_640-300x225.jpg\" class=\"attachment-medium size-medium wp-image-566\" alt=\"\" srcset=\"https:\/\/im-einklang-erding.de\/wp-content\/uploads\/2023\/11\/cuddly-toys-7596017_640-300x225.jpg 300w, https:\/\/im-einklang-erding.de\/wp-content\/uploads\/2023\/11\/cuddly-toys-7596017_640.jpg 640w\" sizes=\"(max-width: 300px) 100vw, 300px\" \/>\t\t\t\t\t\t\t\t\t\t\t\t\t\t\t<\/div>\n\t\t\t\t<\/div>\n\t\t\t\t<\/div>\n\t\t<div class=\"elementor-element elementor-element-0958618 e-con-full e-flex e-con e-child\" data-id=\"0958618\" data-element_type=\"container\" data-e-type=\"container\">\n\t\t\t\t<div class=\"elementor-element elementor-element-a0f2326 elementor-align-justify elementor-widget elementor-widget-button\" data-id=\"a0f2326\" data-element_type=\"widget\" data-e-type=\"widget\" data-widget_type=\"button.default\">\n\t\t\t\t<div class=\"elementor-widget-container\">\n\t\t\t\t\t\t\t\t\t<div class=\"elementor-button-wrapper\">\n\t\t\t\t\t<a class=\"elementor-button elementor-button-link elementor-size-lg\" href=\"https:\/\/im-einklang-erding.de\/?page_id=305\">\n\t\t\t\t\t\t<span class=\"elementor-button-content-wrapper\">\n\t\t\t\t\t\t\t\t\t<span class=\"elementor-button-text\">Bindungsorientierte S\u00e4uglingspflege - f\u00fcr mehr Infos hier klicken<\/span>\n\t\t\t\t\t<\/span>\n\t\t\t\t\t<\/a>\n\t\t\t\t<\/div>\n\t\t\t\t\t\t\t\t<\/div>\n\t\t\t\t<\/div>\n\t\t\t\t<\/div>\n\t\t<div class=\"elementor-element elementor-element-360a527 e-con-full e-flex e-con e-child\" data-id=\"360a527\" data-element_type=\"container\" data-e-type=\"container\">\n\t\t\t\t<div class=\"elementor-element elementor-element-8ad808c elementor-align-justify elementor-widget elementor-widget-button\" data-id=\"8ad808c\" data-element_type=\"widget\" data-e-type=\"widget\" data-widget_type=\"button.default\">\n\t\t\t\t<div class=\"elementor-widget-container\">\n\t\t\t\t\t\t\t\t\t<div class=\"elementor-button-wrapper\">\n\t\t\t\t\t<a class=\"elementor-button elementor-button-link elementor-size-lg\" href=\"https:\/\/im-einklang-erding.de\/?page_id=274\">\n\t\t\t\t\t\t<span class=\"elementor-button-content-wrapper\">\n\t\t\t\t\t\t\t\t\t<span class=\"elementor-button-text\"> Gesunder Baby- und Kleinkindschlaf - f\u00fcr mehr Infos hier klicken<\/span>\n\t\t\t\t\t<\/span>\n\t\t\t\t\t<\/a>\n\t\t\t\t<\/div>\n\t\t\t\t\t\t\t\t<\/div>\n\t\t\t\t<\/div>\n\t\t\t\t<\/div>\n\t\t<div class=\"elementor-element elementor-element-55af04d e-con-full e-flex e-con e-child\" data-id=\"55af04d\" data-element_type=\"container\" data-e-type=\"container\">\n\t\t\t\t<div class=\"elementor-element elementor-element-f75650c elementor-widget elementor-widget-image\" data-id=\"f75650c\" data-element_type=\"widget\" data-e-type=\"widget\" data-widget_type=\"image.default\">\n\t\t\t\t<div class=\"elementor-widget-container\">\n\t\t\t\t\t\t\t\t\t\t\t\t\t\t\t<img decoding=\"async\" width=\"300\" height=\"225\" src=\"https:\/\/im-einklang-erding.de\/wp-content\/uploads\/2023\/11\/black-and-white-1444737_640-300x225.jpg\" class=\"attachment-medium size-medium wp-image-562\" alt=\"\" srcset=\"https:\/\/im-einklang-erding.de\/wp-content\/uploads\/2023\/11\/black-and-white-1444737_640-300x225.jpg 300w, https:\/\/im-einklang-erding.de\/wp-content\/uploads\/2023\/11\/black-and-white-1444737_640.jpg 640w\" sizes=\"(max-width: 300px) 100vw, 300px\" \/>\t\t\t\t\t\t\t\t\t\t\t\t\t\t\t<\/div>\n\t\t\t\t<\/div>\n\t\t\t\t<\/div>\n\t\t\t\t\t<\/div>\n\t\t\t\t<\/div>\n\t\t<div class=\"elementor-element elementor-element-26763ae e-flex e-con-boxed e-con e-parent\" data-id=\"26763ae\" data-element_type=\"container\" data-e-type=\"container\">\n\t\t\t\t\t<div class=\"e-con-inner\">\n\t\t<div class=\"elementor-element elementor-element-0366b50 e-con-full e-flex e-con e-child\" data-id=\"0366b50\" data-element_type=\"container\" data-e-type=\"container\">\n\t\t\t\t<div class=\"elementor-element elementor-element-5648f36 elementor-widget elementor-widget-image\" data-id=\"5648f36\" data-element_type=\"widget\" data-e-type=\"widget\" data-widget_type=\"image.default\">\n\t\t\t\t<div class=\"elementor-widget-container\">\n\t\t\t\t\t\t\t\t\t\t\t\t\t\t\t<img loading=\"lazy\" decoding=\"async\" width=\"244\" height=\"300\" src=\"https:\/\/im-einklang-erding.de\/wp-content\/uploads\/2025\/02\/baby-4356459_640-244x300.jpg\" class=\"attachment-medium size-medium wp-image-1225\" alt=\"\" srcset=\"https:\/\/im-einklang-erding.de\/wp-content\/uploads\/2025\/02\/baby-4356459_640-244x300.jpg 244w, https:\/\/im-einklang-erding.de\/wp-content\/uploads\/2025\/02\/baby-4356459_640.jpg 471w\" sizes=\"(max-width: 244px) 100vw, 244px\" \/>\t\t\t\t\t\t\t\t\t\t\t\t\t\t\t<\/div>\n\t\t\t\t<\/div>\n\t\t\t\t<\/div>\n\t\t<div class=\"elementor-element elementor-element-d3b9a3e e-con-full e-flex e-con e-child\" data-id=\"d3b9a3e\" data-element_type=\"container\" data-e-type=\"container\">\n\t\t\t\t<div class=\"elementor-element elementor-element-5c9e31d elementor-align-center elementor-widget elementor-widget-button\" data-id=\"5c9e31d\" data-element_type=\"widget\" data-e-type=\"widget\" data-widget_type=\"button.default\">\n\t\t\t\t<div class=\"elementor-widget-container\">\n\t\t\t\t\t\t\t\t\t<div class=\"elementor-button-wrapper\">\n\t\t\t\t\t<a class=\"elementor-button elementor-button-link elementor-size-lg\" href=\"https:\/\/im-einklang-erding.de\/?page_id=1230\">\n\t\t\t\t\t\t<span class=\"elementor-button-content-wrapper\">\n\t\t\t\t\t\t\t\t\t<span class=\"elementor-button-text\">Guter Start<br>in die Beikost<br>- f\u00fcr mehr<br>Infos hier<br>klicken<\/span>\n\t\t\t\t\t<\/span>\n\t\t\t\t\t<\/a>\n\t\t\t\t<\/div>\n\t\t\t\t\t\t\t\t<\/div>\n\t\t\t\t<\/div>\n\t\t\t\t<\/div>\n\t\t\t\t\t<\/div>\n\t\t\t\t<\/div>\n\t\t<div class=\"elementor-element elementor-element-268b7d9 e-flex e-con-boxed e-con e-parent\" data-id=\"268b7d9\" data-element_type=\"container\" data-e-type=\"container\">\n\t\t\t\t\t<div class=\"e-con-inner\">\n\t\t\t\t<div class=\"elementor-element elementor-element-a05514a elementor-align-center elementor-widget elementor-widget-button\" data-id=\"a05514a\" data-element_type=\"widget\" data-e-type=\"widget\" data-widget_type=\"button.default\">\n\t\t\t\t<div class=\"elementor-widget-container\">\n\t\t\t\t\t\t\t\t\t<div class=\"elementor-button-wrapper\">\n\t\t\t\t\t<a class=\"elementor-button elementor-button-link elementor-size-lg\" href=\"https:\/\/im-einklang-erding.de\/?page_id=282\">\n\t\t\t\t\t\t<span class=\"elementor-button-content-wrapper\">\n\t\t\t\t\t\t\t\t\t<span class=\"elementor-button-text\">Babysprechstunden - f\u00fcr mehr Infos hier klicken<\/span>\n\t\t\t\t\t<\/span>\n\t\t\t\t\t<\/a>\n\t\t\t\t<\/div>\n\t\t\t\t\t\t\t\t<\/div>\n\t\t\t\t<\/div>\n\t\t\t\t\t<\/div>\n\t\t\t\t<\/div>\n\t\t<div class=\"elementor-element elementor-element-e6a5142 e-flex e-con-boxed e-con e-parent\" data-id=\"e6a5142\" data-element_type=\"container\" data-e-type=\"container\">\n\t\t\t\t\t<div class=\"e-con-inner\">\n\t\t\t\t<div class=\"elementor-element elementor-element-8325a1e elementor-widget elementor-widget-image\" data-id=\"8325a1e\" data-element_type=\"widget\" data-e-type=\"widget\" data-widget_type=\"image.default\">\n\t\t\t\t<div class=\"elementor-widget-container\">\n\t\t\t\t\t\t\t\t\t\t\t\t\t\t\t<img loading=\"lazy\" decoding=\"async\" width=\"300\" height=\"199\" src=\"https:\/\/im-einklang-erding.de\/wp-content\/uploads\/2023\/11\/baby-440037_640-300x199.jpg\" class=\"attachment-medium size-medium wp-image-560\" alt=\"\" srcset=\"https:\/\/im-einklang-erding.de\/wp-content\/uploads\/2023\/11\/baby-440037_640-300x199.jpg 300w, https:\/\/im-einklang-erding.de\/wp-content\/uploads\/2023\/11\/baby-440037_640.jpg 640w\" sizes=\"(max-width: 300px) 100vw, 300px\" \/>\t\t\t\t\t\t\t\t\t\t\t\t\t\t\t<\/div>\n\t\t\t\t<\/div>\n\t\t\t\t\t<\/div>\n\t\t\t\t<\/div>\n\t\t\t\t<\/div>\n\t\t","protected":false},"excerpt":{"rendered":"<p>Alltag, Bed\u00fcrfnisse und Rituale im Einklang Beratung und Begleitung vor und nach der Geburt &#8211; f\u00fcr mehr Infos hier klicken Bindungsorientierte S\u00e4uglingspflege &#8211; f\u00fcr mehr Infos hier klicken Gesunder Baby- und Kleinkindschlaf &#8211; f\u00fcr mehr Infos hier klicken Guter Startin die Beikost&#8211; f\u00fcr mehrInfos hierklicken Babysprechstunden &#8211; f\u00fcr mehr Infos hier klicken<\/p>\n","protected":false},"author":1,"featured_media":0,"parent":0,"menu_order":3,"comment_status":"closed","ping_status":"closed","template":"page-no-separators","meta":{"footnotes":""},"class_list":["post-57","page","type-page","status-publish","hentry"],"_links":{"self":[{"href":"https:\/\/im-einklang-erding.de\/index.php?rest_route=\/wp\/v2\/pages\/57","targetHints":{"allow":["GET"]}}],"collection":[{"href":"https:\/\/im-einklang-erding.de\/index.php?rest_route=\/wp\/v2\/pages"}],"about":[{"href":"https:\/\/im-einklang-erding.de\/index.php?rest_route=\/wp\/v2\/types\/page"}],"author":[{"embeddable":true,"href":"https:\/\/im-einklang-erding.de\/index.php?rest_route=\/wp\/v2\/users\/1"}],"replies":[{"embeddable":true,"href":"https:\/\/im-einklang-erding.de\/index.php?rest_route=%2Fwp%2Fv2%2Fcomments&post=57"}],"version-history":[{"count":116,"href":"https:\/\/im-einklang-erding.de\/index.php?rest_route=\/wp\/v2\/pages\/57\/revisions"}],"predecessor-version":[{"id":1255,"href":"https:\/\/im-einklang-erding.de\/index.php?rest_route=\/wp\/v2\/pages\/57\/revisions\/1255"}],"wp:attachment":[{"href":"https:\/\/im-einklang-erding.de\/index.php?rest_route=%2Fwp%2Fv2%2Fmedia&parent=57"}],"curies":[{"name":"wp","href":"https:\/\/api.w.org\/{rel}","templated":true}]}}