{"id":476,"date":"2024-01-18T13:46:53","date_gmt":"2024-01-18T13:46:53","guid":{"rendered":"https:\/\/im-einklang-erding.de\/?page_id=476"},"modified":"2026-01-18T15:54:50","modified_gmt":"2026-01-18T15:54:50","slug":"preise","status":"publish","type":"page","link":"https:\/\/im-einklang-erding.de\/?page_id=476","title":{"rendered":"Preise"},"content":{"rendered":"\t\t<div data-elementor-type=\"wp-page\" data-elementor-id=\"476\" class=\"elementor elementor-476\">\n\t\t\t\t<div class=\"elementor-element elementor-element-db27fe2 e-flex e-con-boxed e-con e-parent\" data-id=\"db27fe2\" data-element_type=\"container\" data-e-type=\"container\">\n\t\t\t\t\t<div class=\"e-con-inner\">\n\t\t\t\t\t<\/div>\n\t\t\t\t<\/div>\n\t\t<div class=\"elementor-element elementor-element-e1e080b e-flex e-con-boxed e-con e-parent\" data-id=\"e1e080b\" data-element_type=\"container\" data-e-type=\"container\">\n\t\t\t\t\t<div class=\"e-con-inner\">\n\t\t\t\t<div class=\"elementor-element elementor-element-a912fa5 elementor-widget elementor-widget-text-editor\" data-id=\"a912fa5\" data-element_type=\"widget\" data-e-type=\"widget\" data-widget_type=\"text-editor.default\">\n\t\t\t\t<div class=\"elementor-widget-container\">\n\t\t\t\t\t\t\t\t\t<p><strong>Hausbesuch:<\/strong><\/p>\n<p>78 \u20ac \/ Stunde, danach viertelst\u00fcndliche Abrechnung<\/p>\n<p><\/p>\n<p><strong>Fahrtkosten:<\/strong><\/p>\n<p>0,45 \u20ac \/ km f\u00fcr Hin- und R\u00fcckfahrt<\/p>\n<p><\/p>\n<p><strong>Telefonische oder online Beratung:<\/strong><\/p>\n<p>viertelst\u00fcndliche Abrechnung je angefangene Viertelstunde<\/p>\n<p><\/p>\n<p><strong>Kurspreise:<\/strong><\/p>\n<p>siehe Angaben auf den jeweiligen Seiten \u00fcber die Links<\/p>\t\t\t\t\t\t\t\t<\/div>\n\t\t\t\t<\/div>\n\t\t\t\t\t<\/div>\n\t\t\t\t<\/div>\n\t\t\t\t<\/div>\n\t\t","protected":false},"excerpt":{"rendered":"<p>Hausbesuch: 78 \u20ac \/ Stunde, danach viertelst\u00fcndliche Abrechnung Fahrtkosten: 0,45 \u20ac \/ km f\u00fcr Hin- und R\u00fcckfahrt Telefonische oder online Beratung: viertelst\u00fcndliche Abrechnung je angefangene Viertelstunde Kurspreise: siehe Angaben auf den jeweiligen Seiten \u00fcber die Links<\/p>\n","protected":false},"author":1,"featured_media":0,"parent":0,"menu_order":0,"comment_status":"closed","ping_status":"closed","template":"","meta":{"footnotes":""},"class_list":["post-476","page","type-page","status-publish","hentry"],"_links":{"self":[{"href":"https:\/\/im-einklang-erding.de\/index.php?rest_route=\/wp\/v2\/pages\/476","targetHints":{"allow":["GET"]}}],"collection":[{"href":"https:\/\/im-einklang-erding.de\/index.php?rest_route=\/wp\/v2\/pages"}],"about":[{"href":"https:\/\/im-einklang-erding.de\/index.php?rest_route=\/wp\/v2\/types\/page"}],"author":[{"embeddable":true,"href":"https:\/\/im-einklang-erding.de\/index.php?rest_route=\/wp\/v2\/users\/1"}],"replies":[{"embeddable":true,"href":"https:\/\/im-einklang-erding.de\/index.php?rest_route=%2Fwp%2Fv2%2Fcomments&post=476"}],"version-history":[{"count":49,"href":"https:\/\/im-einklang-erding.de\/index.php?rest_route=\/wp\/v2\/pages\/476\/revisions"}],"predecessor-version":[{"id":1642,"href":"https:\/\/im-einklang-erding.de\/index.php?rest_route=\/wp\/v2\/pages\/476\/revisions\/1642"}],"wp:attachment":[{"href":"https:\/\/im-einklang-erding.de\/index.php?rest_route=%2Fwp%2Fv2%2Fmedia&parent=476"}],"curies":[{"name":"wp","href":"https:\/\/api.w.org\/{rel}","templated":true}]}}