{"id":2,"date":"2023-09-27T12:57:07","date_gmt":"2023-09-27T12:57:07","guid":{"rendered":"https:\/\/im-einklang-erding.de\/?page_id=2"},"modified":"2025-07-15T10:53:53","modified_gmt":"2025-07-15T10:53:53","slug":"sample-page-3","status":"publish","type":"page","link":"https:\/\/im-einklang-erding.de\/?page_id=2","title":{"rendered":"\u00dcber mich"},"content":{"rendered":"\t\t<div data-elementor-type=\"wp-page\" data-elementor-id=\"2\" class=\"elementor elementor-2\">\n\t\t\t\t<div class=\"elementor-element elementor-element-14938f5e e-flex e-con-boxed e-con e-parent\" data-id=\"14938f5e\" data-element_type=\"container\" data-e-type=\"container\">\n\t\t\t\t\t<div class=\"e-con-inner\">\n\t\t\t\t<div class=\"elementor-element elementor-element-609a5cd elementor-widget elementor-widget-image\" data-id=\"609a5cd\" data-element_type=\"widget\" data-e-type=\"widget\" data-widget_type=\"image.default\">\n\t\t\t\t<div class=\"elementor-widget-container\">\n\t\t\t\t\t\t\t\t\t\t\t\t\t\t\t<img fetchpriority=\"high\" decoding=\"async\" width=\"284\" height=\"300\" src=\"https:\/\/im-einklang-erding.de\/wp-content\/uploads\/2025\/07\/Foto-Homepage-284x300.webp\" class=\"attachment-medium size-medium wp-image-1542\" alt=\"\" srcset=\"https:\/\/im-einklang-erding.de\/wp-content\/uploads\/2025\/07\/Foto-Homepage-284x300.webp 284w, https:\/\/im-einklang-erding.de\/wp-content\/uploads\/2025\/07\/Foto-Homepage-969x1024.webp 969w, https:\/\/im-einklang-erding.de\/wp-content\/uploads\/2025\/07\/Foto-Homepage-768x812.webp 768w, https:\/\/im-einklang-erding.de\/wp-content\/uploads\/2025\/07\/Foto-Homepage.webp 1362w\" sizes=\"(max-width: 284px) 100vw, 284px\" \/>\t\t\t\t\t\t\t\t\t\t\t\t\t\t\t<\/div>\n\t\t\t\t<\/div>\n\t\t\t\t<div class=\"elementor-element elementor-element-73f7261b elementor-widget elementor-widget-text-editor\" data-id=\"73f7261b\" data-element_type=\"widget\" data-e-type=\"widget\" data-widget_type=\"text-editor.default\">\n\t\t\t\t<div class=\"elementor-widget-container\">\n\t\t\t\t\t\t\t\t\t<p>Hallo, ich bin Christiane Butz, examinierte Kinderkrankenschwester und Mutter von 2 Kindern.<\/p><p>Nach meiner eigentlichen Ausbildung habe ich von 2003 bis Ende 2017 ganz standardm\u00e4\u00dfig auf einer chirurgischen Kinderstation im Klinikum Dritter Orden in M\u00fcnchen gearbeitet.<\/p><p>Im Laufe der letzten Jahre hatte ich aber das Bed\u00fcrfnis, mich umzuorientieren und weiter zu entwickeln. So schnupperte ich ab Anfang 2017 bereits in die Beratung und Familienbegleitung von Familien unterschiedlichster Herkunft und Bed\u00fcrfnisse im Rahmen der Fr\u00fchen Hilfen. Um hierf\u00fcr entsprechend qualifiziert zu sein, absolvierte ich die Weiterbildung zur Familienkinderkrankenschwester (zertifiziert im Januar 2020).<\/p><p>2018 habe ich dann den Schritt in die Selbst\u00e4ndigkeit gewagt. Hier begleite ich Familien vor und nach der Geburt als werdende und junge Eltern.<\/p><p>Gerade die erste Zeit ist neu und oft unbekannt und kann herausfordernd sein. Ich stehe euch hier gerne zur Seite und berate euch rund um alle Themen mit eurem Baby, die euch als Eltern besch\u00e4ftigen, wo ihr Unsicherheiten oder auch einfach nur Fragen habt. Dabei ist mir wichtig, direkt mit euch als Familie zusammen zu arbeiten und hier auf eure individuellen Bed\u00fcrfnisse einzugehen, um euch einen entspannten und gl\u00fccklichen Start mit Baby und ins Elternsein zu erm\u00f6glichen.<\/p><p>Durch regelm\u00e4\u00dfige Fort- und Weiterbildungen halte ich mich auf aktuellem Stand f\u00fcr die Anleitung und Begleitung bei euch zu Hause, um euch bestm\u00f6glich beraten zu k\u00f6nnen. Wie z.B. zu Themen wie Beikost-Start, Babyschlaf, Bindung u.v.m.<\/p><p>Um mein Angebot zu erweitern, und weil mir das Thema ein gro\u00dfes Anliegen ist, absolvierte ich im Jahr 2022 zus\u00e4tzliche Weiterbildungen im Bereich Beckenbodengesundheit und Pr\u00e4vention bei BeBo\u00ae Deutschland. Als zertifizierte BeBo\u00ae-Fachfrau f\u00fcr Schwangerschaft und R\u00fcckbildung biete ich Kurse zur Geburtsvorbereitung und R\u00fcckbildung an, damit der Beckenboden gerade in dieser stark anspruchsvollen und belastenden Zeit optimal vorbereitet ist und sp\u00e4ter wieder stark und schwungvoll arbeiten kann. Als zertifizierte BeBo\u00ae-Kursleiterin f\u00fcr Beckenbodengymnastik f\u00fcr den Mann und die Frau liegt es mir am Herzen, da\u00df das Thema Beckenboden kein Tabu mehr ist &#8211; gerade auch f\u00fcr die M\u00e4nner. Damit auch diese sich am besten bereits pr\u00e4ventiv mit ihrem Beckenboden befassen. Je fr\u00fcher ich beginne, mich mit meinem Beckenboden zu befassen und ihn kennenzulernen, desto eher kann ich Problemen vorbeugen oder ihnen entgegen treten. Aber: es ist trotzdem nie zu sp\u00e4t!<\/p><p>Ich w\u00fcrde mich sehr freuen, wenn ich euch in euren jeweiligen Lebenssituationen mit euren besonderen Bed\u00fcrfnissen und Anliegen ein St\u00fcck begleiten darf.<\/p>\t\t\t\t\t\t\t\t<\/div>\n\t\t\t\t<\/div>\n\t\t\t\t\t<\/div>\n\t\t\t\t<\/div>\n\t\t\t\t<\/div>\n\t\t","protected":false},"excerpt":{"rendered":"<p>Hallo, ich bin Christiane Butz, examinierte Kinderkrankenschwester und Mutter von 2 Kindern. Nach meiner eigentlichen Ausbildung habe ich von 2003 bis Ende 2017 ganz standardm\u00e4\u00dfig auf einer chirurgischen Kinderstation im Klinikum Dritter Orden in M\u00fcnchen gearbeitet. Im Laufe der letzten Jahre hatte ich aber das Bed\u00fcrfnis, mich umzuorientieren und weiter zu entwickeln. So schnupperte ich [&hellip;]<\/p>\n","protected":false},"author":1,"featured_media":0,"parent":0,"menu_order":1,"comment_status":"closed","ping_status":"closed","template":"","meta":{"footnotes":""},"class_list":["post-2","page","type-page","status-publish","hentry"],"_links":{"self":[{"href":"https:\/\/im-einklang-erding.de\/index.php?rest_route=\/wp\/v2\/pages\/2","targetHints":{"allow":["GET"]}}],"collection":[{"href":"https:\/\/im-einklang-erding.de\/index.php?rest_route=\/wp\/v2\/pages"}],"about":[{"href":"https:\/\/im-einklang-erding.de\/index.php?rest_route=\/wp\/v2\/types\/page"}],"author":[{"embeddable":true,"href":"https:\/\/im-einklang-erding.de\/index.php?rest_route=\/wp\/v2\/users\/1"}],"replies":[{"embeddable":true,"href":"https:\/\/im-einklang-erding.de\/index.php?rest_route=%2Fwp%2Fv2%2Fcomments&post=2"}],"version-history":[{"count":52,"href":"https:\/\/im-einklang-erding.de\/index.php?rest_route=\/wp\/v2\/pages\/2\/revisions"}],"predecessor-version":[{"id":1545,"href":"https:\/\/im-einklang-erding.de\/index.php?rest_route=\/wp\/v2\/pages\/2\/revisions\/1545"}],"wp:attachment":[{"href":"https:\/\/im-einklang-erding.de\/index.php?rest_route=%2Fwp%2Fv2%2Fmedia&parent=2"}],"curies":[{"name":"wp","href":"https:\/\/api.w.org\/{rel}","templated":true}]}}