{"id":1917,"date":"2026-03-25T14:36:14","date_gmt":"2026-03-25T14:36:14","guid":{"rendered":"https:\/\/im-einklang-erding.de\/?page_id=1917"},"modified":"2026-03-25T14:36:18","modified_gmt":"2026-03-25T14:36:18","slug":"beckenboden-einzelcoaching","status":"publish","type":"page","link":"https:\/\/im-einklang-erding.de\/?page_id=1917","title":{"rendered":"Beckenboden-Einzelcoaching"},"content":{"rendered":"\t\t<div data-elementor-type=\"wp-page\" data-elementor-id=\"1917\" class=\"elementor elementor-1917\">\n\t\t\t\t<div class=\"elementor-element elementor-element-4184047 e-flex e-con-boxed e-con e-parent\" data-id=\"4184047\" data-element_type=\"container\" data-e-type=\"container\">\n\t\t\t\t\t<div class=\"e-con-inner\">\n\t\t\t\t<div class=\"elementor-element elementor-element-3f698d3 elementor-widget elementor-widget-image\" data-id=\"3f698d3\" data-element_type=\"widget\" data-e-type=\"widget\" data-widget_type=\"image.default\">\n\t\t\t\t<div class=\"elementor-widget-container\">\n\t\t\t\t\t\t\t\t\t\t\t\t\t\t\t<img fetchpriority=\"high\" decoding=\"async\" width=\"300\" height=\"193\" src=\"https:\/\/im-einklang-erding.de\/wp-content\/uploads\/2026\/03\/fancycrave1-computer-820281-300x193.jpg\" class=\"attachment-medium size-medium wp-image-1921\" alt=\"\" srcset=\"https:\/\/im-einklang-erding.de\/wp-content\/uploads\/2026\/03\/fancycrave1-computer-820281-300x193.jpg 300w, https:\/\/im-einklang-erding.de\/wp-content\/uploads\/2026\/03\/fancycrave1-computer-820281-1024x660.jpg 1024w, https:\/\/im-einklang-erding.de\/wp-content\/uploads\/2026\/03\/fancycrave1-computer-820281-768x495.jpg 768w, https:\/\/im-einklang-erding.de\/wp-content\/uploads\/2026\/03\/fancycrave1-computer-820281-1536x990.jpg 1536w, https:\/\/im-einklang-erding.de\/wp-content\/uploads\/2026\/03\/fancycrave1-computer-820281-2048x1320.jpg 2048w\" sizes=\"(max-width: 300px) 100vw, 300px\" \/>\t\t\t\t\t\t\t\t\t\t\t\t\t\t\t<\/div>\n\t\t\t\t<\/div>\n\t\t\t\t\t<\/div>\n\t\t\t\t<\/div>\n\t\t<div class=\"elementor-element elementor-element-93a548b e-flex e-con-boxed e-con e-parent\" data-id=\"93a548b\" data-element_type=\"container\" data-e-type=\"container\">\n\t\t\t\t\t<div class=\"e-con-inner\">\n\t\t\t\t<div class=\"elementor-element elementor-element-1919c66 elementor-widget elementor-widget-text-editor\" data-id=\"1919c66\" data-element_type=\"widget\" data-e-type=\"widget\" data-widget_type=\"text-editor.default\">\n\t\t\t\t<div class=\"elementor-widget-container\">\n\t\t\t\t\t\t\t\t\t<p data-start=\"53\" data-end=\"361\">Im Einzelcoaching zur Beckenbodengesundheit stehst du mit deinen individuellen Bed\u00fcrfnissen im Mittelpunkt. Bereits im Vorfeld nehme ich mir Zeit f\u00fcr dich: durch gezielte R\u00fcckfragen und einen ausf\u00fchrlichen Fragebogen lerne ich deine pers\u00f6nliche Situation, deine Ziele und m\u00f6gliche Beschwerden genau kennen.<\/p><p data-start=\"363\" data-end=\"645\">Ob Mann oder Frau, nach der Geburt, zur Pr\u00e4vention oder bei bestehenden Herausforderungen \u2013 auf dieser Basis gestalten wir dein Coaching ganz individuell. Gemeinsam arbeiten wir daran, deinen Beckenboden zu st\u00e4rken, deine K\u00f6rpermitte zu stabilisieren und dein K\u00f6rpergef\u00fchl nachhaltig zu verbessern.<\/p><p data-start=\"647\" data-end=\"899\">In einer gesch\u00fctzten und vertrauensvollen Atmosph\u00e4re erh\u00e4ltst du eine auf dich abgestimmte Betreuung mit effektiven \u00dcbungen, alltagstauglichen Tipps und einem besseren Verst\u00e4ndnis f\u00fcr deinen K\u00f6rper. Alles in deinem Tempo und angepasst an deinen Alltag.<\/p><p data-start=\"901\" data-end=\"998\" data-is-last-node=\"\" data-is-only-node=\"\">F\u00fcr mehr Stabilit\u00e4t, Sicherheit und Wohlbefinden \u2013 und ein gutes Gef\u00fchl in deinem eigenen K\u00f6rper.<\/p>\t\t\t\t\t\t\t\t<\/div>\n\t\t\t\t<\/div>\n\t\t\t\t\t<\/div>\n\t\t\t\t<\/div>\n\t\t<div class=\"elementor-element elementor-element-32c83bc e-flex e-con-boxed e-con e-parent\" data-id=\"32c83bc\" data-element_type=\"container\" data-e-type=\"container\">\n\t\t\t\t\t<div class=\"e-con-inner\">\n\t\t\t\t<div class=\"elementor-element elementor-element-0bb140d elementor-widget elementor-widget-image\" data-id=\"0bb140d\" data-element_type=\"widget\" data-e-type=\"widget\" data-widget_type=\"image.default\">\n\t\t\t\t<div class=\"elementor-widget-container\">\n\t\t\t\t\t\t\t\t\t\t\t\t\t\t\t<img decoding=\"async\" width=\"300\" height=\"200\" src=\"https:\/\/im-einklang-erding.de\/wp-content\/uploads\/2026\/03\/tomcam-dumbbell-4724741-300x200.jpg\" class=\"attachment-medium size-medium wp-image-1920\" alt=\"\" srcset=\"https:\/\/im-einklang-erding.de\/wp-content\/uploads\/2026\/03\/tomcam-dumbbell-4724741-300x200.jpg 300w, https:\/\/im-einklang-erding.de\/wp-content\/uploads\/2026\/03\/tomcam-dumbbell-4724741-1024x683.jpg 1024w, https:\/\/im-einklang-erding.de\/wp-content\/uploads\/2026\/03\/tomcam-dumbbell-4724741-768x512.jpg 768w, https:\/\/im-einklang-erding.de\/wp-content\/uploads\/2026\/03\/tomcam-dumbbell-4724741-1536x1024.jpg 1536w, https:\/\/im-einklang-erding.de\/wp-content\/uploads\/2026\/03\/tomcam-dumbbell-4724741-2048x1365.jpg 2048w\" sizes=\"(max-width: 300px) 100vw, 300px\" \/>\t\t\t\t\t\t\t\t\t\t\t\t\t\t\t<\/div>\n\t\t\t\t<\/div>\n\t\t\t\t\t<\/div>\n\t\t\t\t<\/div>\n\t\t<div class=\"elementor-element elementor-element-5b7cf8f e-flex e-con-boxed e-con e-parent\" data-id=\"5b7cf8f\" data-element_type=\"container\" data-e-type=\"container\">\n\t\t\t\t\t<div class=\"e-con-inner\">\n\t\t\t\t<div class=\"elementor-element elementor-element-239de68 elementor-widget elementor-widget-text-editor\" data-id=\"239de68\" data-element_type=\"widget\" data-e-type=\"widget\" data-widget_type=\"text-editor.default\">\n\t\t\t\t<div class=\"elementor-widget-container\">\n\t\t\t\t\t\t\t\t\t<p>Die Einzelcoachings biete ich im Studio &#8222;Fitness am Buchrain&#8220; in Buch am Buchrain, sowie in der &#8222;Familienpraxis Ines Sigl&#8220; in T\u00f6ging am Inn an.<\/p><p>Auf Wunsch und nach pers\u00f6nlicher Vereinbarung gerne auch bei dir zu Hause.<\/p><p>Wende dich bei Fragen einfach direkt an mich.<\/p>\t\t\t\t\t\t\t\t<\/div>\n\t\t\t\t<\/div>\n\t\t\t\t\t<\/div>\n\t\t\t\t<\/div>\n\t\t\t\t<\/div>\n\t\t","protected":false},"excerpt":{"rendered":"<p>Im Einzelcoaching zur Beckenbodengesundheit stehst du mit deinen individuellen Bed\u00fcrfnissen im Mittelpunkt. Bereits im Vorfeld nehme ich mir Zeit f\u00fcr dich: durch gezielte R\u00fcckfragen und einen ausf\u00fchrlichen Fragebogen lerne ich deine pers\u00f6nliche Situation, deine Ziele und m\u00f6gliche Beschwerden genau kennen. Ob Mann oder Frau, nach der Geburt, zur Pr\u00e4vention oder bei bestehenden Herausforderungen \u2013 auf [&hellip;]<\/p>\n","protected":false},"author":1,"featured_media":0,"parent":0,"menu_order":0,"comment_status":"closed","ping_status":"closed","template":"","meta":{"footnotes":""},"class_list":["post-1917","page","type-page","status-publish","hentry"],"_links":{"self":[{"href":"https:\/\/im-einklang-erding.de\/index.php?rest_route=\/wp\/v2\/pages\/1917","targetHints":{"allow":["GET"]}}],"collection":[{"href":"https:\/\/im-einklang-erding.de\/index.php?rest_route=\/wp\/v2\/pages"}],"about":[{"href":"https:\/\/im-einklang-erding.de\/index.php?rest_route=\/wp\/v2\/types\/page"}],"author":[{"embeddable":true,"href":"https:\/\/im-einklang-erding.de\/index.php?rest_route=\/wp\/v2\/users\/1"}],"replies":[{"embeddable":true,"href":"https:\/\/im-einklang-erding.de\/index.php?rest_route=%2Fwp%2Fv2%2Fcomments&post=1917"}],"version-history":[{"count":13,"href":"https:\/\/im-einklang-erding.de\/index.php?rest_route=\/wp\/v2\/pages\/1917\/revisions"}],"predecessor-version":[{"id":1934,"href":"https:\/\/im-einklang-erding.de\/index.php?rest_route=\/wp\/v2\/pages\/1917\/revisions\/1934"}],"wp:attachment":[{"href":"https:\/\/im-einklang-erding.de\/index.php?rest_route=%2Fwp%2Fv2%2Fmedia&parent=1917"}],"curies":[{"name":"wp","href":"https:\/\/api.w.org\/{rel}","templated":true}]}}